{"id":9201,"date":"2024-09-27T12:38:27","date_gmt":"2024-09-27T09:38:27","guid":{"rendered":"https:\/\/viimsipesula.ee\/%d0%ba%d1%83%d1%80%d1%81%d1%8b\/koolitajad\/"},"modified":"2025-03-30T12:13:55","modified_gmt":"2025-03-30T09:13:55","slug":"%d0%bf%d1%80%d0%b5%d0%bf%d0%be%d0%b4%d0%b0%d0%b2%d0%b0%d1%82%d0%b5%d0%bb%d0%b8","status":"publish","type":"page","link":"https:\/\/viimsipesula.ee\/ru\/%d0%ba%d1%83%d1%80%d1%81%d1%8b\/%d0%bf%d1%80%d0%b5%d0%bf%d0%be%d0%b4%d0%b0%d0%b2%d0%b0%d1%82%d0%b5%d0%bb%d0%b8\/","title":{"rendered":"\u041f\u0440\u0435\u043f\u043e\u0434\u0430\u0432\u0430\u0442\u0435\u043b\u0438"},"content":{"rendered":"\t\t<div data-elementor-type=\"wp-page\" data-elementor-id=\"9201\" class=\"elementor elementor-9201 elementor-8911\">\n\t\t\t\t\t\t<div class=\"elementor-section elementor-top-section elementor-element elementor-element-f8e6c89 elementor-section-full_width elementor-section-stretched elementor-section-height-default elementor-section-height-default\" data-id=\"f8e6c89\" data-element_type=\"section\" data-settings=\"{&quot;stretch_section&quot;:&quot;section-stretched&quot;}\">\n\t\t\t\t\t\t<div class=\"elementor-container elementor-column-gap-default\">\n\t\t\t\t\t<div class=\"elementor-column elementor-col-100 elementor-top-column elementor-element elementor-element-7c9c93b\" data-id=\"7c9c93b\" data-element_type=\"column\">\n\t\t\t<div class=\"elementor-widget-wrap elementor-element-populated\">\n\t\t\t\t\t\t<div class=\"elementor-section elementor-inner-section elementor-element elementor-element-bcfc1c7 elementor-reverse-tablet elementor-reverse-mobile elementor-section-boxed elementor-section-height-default elementor-section-height-default\" data-id=\"bcfc1c7\" data-element_type=\"section\">\n\t\t\t\t\t\t<div class=\"elementor-container elementor-column-gap-default\">\n\t\t\t\t\t<div class=\"elementor-column elementor-col-100 elementor-inner-column elementor-element elementor-element-d24b7e2\" data-id=\"d24b7e2\" data-element_type=\"column\">\n\t\t\t<div class=\"elementor-widget-wrap elementor-element-populated\">\n\t\t\t\t\t\t<div class=\"elementor-element elementor-element-1c4ba0e elementor-position-top elementor-widget elementor-widget-image-box\" data-id=\"1c4ba0e\" data-element_type=\"widget\" data-widget_type=\"image-box.default\">\n\t\t\t\t<div class=\"elementor-widget-container\">\n\t\t\t\t\t<div class=\"elementor-image-box-wrapper\"><figure class=\"elementor-image-box-img\"><img fetchpriority=\"high\" decoding=\"async\" width=\"400\" height=\"469\" src=\"https:\/\/viimsipesula.ee\/wp-content\/uploads\/2025\/01\/koolitaja1.jpg\" class=\"attachment-full size-full wp-image-10312\" alt=\"\" srcset=\"https:\/\/viimsipesula.ee\/wp-content\/uploads\/2025\/01\/koolitaja1.jpg 400w, https:\/\/viimsipesula.ee\/wp-content\/uploads\/2025\/01\/koolitaja1-256x300.jpg 256w\" sizes=\"(max-width: 400px) 100vw, 400px\" \/><\/figure><div class=\"elementor-image-box-content\"><h3 class=\"elementor-image-box-title\">\u0414\u043c\u0438\u0442\u0440\u0438\u0439 \u0428\u0430\u043b\u0438\u043d\u0446\u0435\u0432<\/h3><p class=\"elementor-image-box-description\">\u0447\u043b\u0435\u043d \u043f\u0440\u0430\u0432\u043b\u0435\u043d\u0438\u044f<\/p><\/div><\/div>\t\t\t\t<\/div>\n\t\t\t\t<\/div>\n\t\t\t\t<div class=\"elementor-element elementor-element-e950584 animated-fast elementor-invisible elementor-widget elementor-widget-text-editor\" data-id=\"e950584\" data-element_type=\"widget\" data-settings=\"{&quot;_animation&quot;:&quot;fadeInUp&quot;}\" data-widget_type=\"text-editor.default\">\n\t\t\t\t<div class=\"elementor-widget-container\">\n\t\t\t\t\t\t\t\t\t<p>\u041e\u043f\u044b\u0442 \u0432 \u0441\u0444\u0435\u0440\u0435 \u0430\u0432\u0442\u043e\u043c\u043e\u0439\u043a\u0438 \u0438 \u0434\u0435\u0442\u0435\u0439\u043b\u0438\u043d\u0433\u0430 \u0431\u043e\u043b\u0435\u0435 15 \u043b\u0435\u0442.<\/p><p>\u042d\u043a\u0441\u043a\u043b\u044e\u0437\u0438\u0432\u043d\u044b\u0439 \u043f\u0440\u0435\u0434\u0441\u0442\u0430\u0432\u0438\u0442\u0435\u043b\u044c Nerta \u043f\u0440\u043e\u0434\u0443\u043a\u0446\u0438\u0438 \u0434\u043b\u044f \u0430\u0432\u0442\u043e\u043c\u043e\u0439\u043a\u0438 \u0432 \u042d\u0441\u0442\u043e\u043d\u0438\u0438.<\/p><p>\u0418\u043c\u0435\u0435\u0442 \u0441\u0435\u0440\u0442\u0438\u0444\u0438\u043a\u0430\u0442\u044b,\u043f\u043e\u0434\u0442\u0432\u0435\u0440\u0436\u0434\u0430\u044e\u0449\u0438\u0435 \u043e\u0431\u0443\u0447\u0435\u043d\u0438\u0435, \u0442\u0430\u043a\u0438\u0445 \u0438\u0437\u0432\u0435\u0441\u0442\u043d\u044b\u0445 \u043a\u043e\u043c\u043f\u0430\u043d\u0438\u0439 \u0432 \u0441\u0444\u0435\u0440\u0435 \u0430\u0432\u0442\u043e\u043c\u043e\u0439\u043a\u0438 \u0438 \u0434\u0435\u0442\u0435\u0439\u043b\u0438\u043d\u0433\u0430 \u043a\u0430\u043a: KRYTEX, CeramicPRO, HKC Ceramic Coating, 3M, RUPES, Nerta.<\/p><p>\u0422\u0430\u043a\u0436\u0435 \u043c\u044b \u043f\u043e\u043c\u043e\u0433\u043b\u0438 \u043e\u0442\u043a\u0440\u044b\u0442\u044c \u0441\u043b\u0435\u0434\u0443\u044e\u0448\u0438\u0435 \u0430\u0432\u0442\u043e\u043c\u043e\u0439\u043a\u0438: Kesklinna Autopesula O\u00dc, Kakum\u00e4e Autopesula O\u00dc, \u00dclemiste Autopesula O\u00dc, Autos\u00f5ber Pesula O\u00dc ja Viking Motors \u00dclemiste.\u2028<\/p>\t\t\t\t\t\t\t\t<\/div>\n\t\t\t\t<\/div>\n\t\t\t\t\t<\/div>\n\t\t<\/div>\n\t\t\t\t\t<\/div>\n\t\t<\/div>\n\t\t\t\t\t<\/div>\n\t\t<\/div>\n\t\t\t\t\t<\/div>\n\t\t<\/div>\n\t\t\t\t<\/div>\n\t\t","protected":false},"excerpt":{"rendered":"<p>\u0414\u043c\u0438\u0442\u0440\u0438\u0439 \u0428\u0430\u043b\u0438\u043d\u0446\u0435\u0432 \u0447\u043b\u0435\u043d \u043f\u0440\u0430\u0432\u043b\u0435\u043d\u0438\u044f \u041e\u043f\u044b\u0442 \u0432 \u0441\u0444\u0435\u0440\u0435 \u0430\u0432\u0442\u043e\u043c\u043e\u0439\u043a\u0438 \u0438 \u0434\u0435\u0442\u0435\u0439\u043b\u0438\u043d\u0433\u0430 \u0431\u043e\u043b\u0435\u0435 15 \u043b\u0435\u0442. \u042d\u043a\u0441\u043a\u043b\u044e\u0437\u0438\u0432\u043d\u044b\u0439 \u043f\u0440\u0435\u0434\u0441\u0442\u0430\u0432\u0438\u0442\u0435\u043b\u044c Nerta \u043f\u0440\u043e\u0434\u0443\u043a\u0446\u0438\u0438 \u0434\u043b\u044f \u0430\u0432\u0442\u043e\u043c\u043e\u0439\u043a\u0438 \u0432 \u042d\u0441\u0442\u043e\u043d\u0438\u0438. \u0418\u043c\u0435\u0435\u0442 \u0441\u0435\u0440\u0442\u0438\u0444\u0438\u043a\u0430\u0442\u044b,\u043f\u043e\u0434\u0442\u0432\u0435\u0440\u0436\u0434\u0430\u044e\u0449\u0438\u0435 \u043e\u0431\u0443\u0447\u0435\u043d\u0438\u0435, \u0442\u0430\u043a\u0438\u0445 \u0438\u0437\u0432\u0435\u0441\u0442\u043d\u044b\u0445 \u043a\u043e\u043c\u043f\u0430\u043d\u0438\u0439 \u0432 \u0441\u0444\u0435\u0440\u0435 \u0430\u0432\u0442\u043e\u043c\u043e\u0439\u043a\u0438 \u0438 \u0434\u0435\u0442\u0435\u0439\u043b\u0438\u043d\u0433\u0430 \u043a\u0430\u043a: KRYTEX, CeramicPRO, HKC Ceramic Coating, 3M, RUPES, Nerta. \u0422\u0430\u043a\u0436\u0435 \u043c\u044b \u043f\u043e\u043c\u043e\u0433\u043b\u0438 \u043e\u0442\u043a\u0440\u044b\u0442\u044c \u0441\u043b\u0435\u0434\u0443\u044e\u0448\u0438\u0435 \u0430\u0432\u0442\u043e\u043c\u043e\u0439\u043a\u0438: Kesklinna Autopesula O\u00dc, Kakum\u00e4e Autopesula O\u00dc, \u00dclemiste Autopesula [&hellip;]<\/p>\n","protected":false},"author":2,"featured_media":0,"parent":9170,"menu_order":0,"comment_status":"closed","ping_status":"closed","template":"","meta":{"_acf_changed":false,"footnotes":""},"class_list":["post-9201","page","type-page","status-publish","hentry"],"acf":[],"yoast_head":"<!-- This site is optimized with the Yoast SEO plugin v25.9 - https:\/\/yoast.com\/wordpress\/plugins\/seo\/ -->\n<title>\u041f\u0440\u0435\u043f\u043e\u0434\u0430\u0432\u0430\u0442\u0435\u043b\u0438 - Viimsipesula<\/title>\n<meta name=\"robots\" content=\"index, follow, max-snippet:-1, max-image-preview:large, max-video-preview:-1\" \/>\n<link rel=\"canonical\" href=\"https:\/\/viimsipesula.ee\/ru\/%d0%ba%d1%83%d1%80%d1%81%d1%8b\/%d0%bf%d1%80%d0%b5%d0%bf%d0%be%d0%b4%d0%b0%d0%b2%d0%b0%d1%82%d0%b5%d0%bb%d0%b8\/\" \/>\n<meta property=\"og:locale\" content=\"ru_RU\" \/>\n<meta property=\"og:type\" content=\"article\" \/>\n<meta property=\"og:title\" content=\"\u041f\u0440\u0435\u043f\u043e\u0434\u0430\u0432\u0430\u0442\u0435\u043b\u0438 - Viimsipesula\" \/>\n<meta property=\"og:description\" content=\"\u0414\u043c\u0438\u0442\u0440\u0438\u0439 \u0428\u0430\u043b\u0438\u043d\u0446\u0435\u0432 \u0447\u043b\u0435\u043d \u043f\u0440\u0430\u0432\u043b\u0435\u043d\u0438\u044f \u041e\u043f\u044b\u0442 \u0432 \u0441\u0444\u0435\u0440\u0435 \u0430\u0432\u0442\u043e\u043c\u043e\u0439\u043a\u0438 \u0438 \u0434\u0435\u0442\u0435\u0439\u043b\u0438\u043d\u0433\u0430 \u0431\u043e\u043b\u0435\u0435 15 \u043b\u0435\u0442. \u042d\u043a\u0441\u043a\u043b\u044e\u0437\u0438\u0432\u043d\u044b\u0439 \u043f\u0440\u0435\u0434\u0441\u0442\u0430\u0432\u0438\u0442\u0435\u043b\u044c Nerta \u043f\u0440\u043e\u0434\u0443\u043a\u0446\u0438\u0438 \u0434\u043b\u044f \u0430\u0432\u0442\u043e\u043c\u043e\u0439\u043a\u0438 \u0432 \u042d\u0441\u0442\u043e\u043d\u0438\u0438. \u0418\u043c\u0435\u0435\u0442 \u0441\u0435\u0440\u0442\u0438\u0444\u0438\u043a\u0430\u0442\u044b,\u043f\u043e\u0434\u0442\u0432\u0435\u0440\u0436\u0434\u0430\u044e\u0449\u0438\u0435 \u043e\u0431\u0443\u0447\u0435\u043d\u0438\u0435, \u0442\u0430\u043a\u0438\u0445 \u0438\u0437\u0432\u0435\u0441\u0442\u043d\u044b\u0445 \u043a\u043e\u043c\u043f\u0430\u043d\u0438\u0439 \u0432 \u0441\u0444\u0435\u0440\u0435 \u0430\u0432\u0442\u043e\u043c\u043e\u0439\u043a\u0438 \u0438 \u0434\u0435\u0442\u0435\u0439\u043b\u0438\u043d\u0433\u0430 \u043a\u0430\u043a: KRYTEX, CeramicPRO, HKC Ceramic Coating, 3M, RUPES, Nerta. \u0422\u0430\u043a\u0436\u0435 \u043c\u044b \u043f\u043e\u043c\u043e\u0433\u043b\u0438 \u043e\u0442\u043a\u0440\u044b\u0442\u044c \u0441\u043b\u0435\u0434\u0443\u044e\u0448\u0438\u0435 \u0430\u0432\u0442\u043e\u043c\u043e\u0439\u043a\u0438: Kesklinna Autopesula O\u00dc, Kakum\u00e4e Autopesula O\u00dc, \u00dclemiste Autopesula [&hellip;]\" \/>\n<meta property=\"og:url\" content=\"https:\/\/viimsipesula.ee\/ru\/%d0%ba%d1%83%d1%80%d1%81%d1%8b\/%d0%bf%d1%80%d0%b5%d0%bf%d0%be%d0%b4%d0%b0%d0%b2%d0%b0%d1%82%d0%b5%d0%bb%d0%b8\/\" \/>\n<meta property=\"og:site_name\" content=\"Viimsipesula\" \/>\n<meta property=\"article:publisher\" content=\"https:\/\/www.facebook.com\/Viimsipesula\" \/>\n<meta property=\"article:modified_time\" content=\"2025-03-30T09:13:55+00:00\" \/>\n<meta property=\"og:image\" content=\"https:\/\/viimsipesula.ee\/wp-content\/uploads\/2025\/01\/koolitaja1.jpg\" \/>\n<meta name=\"twitter:card\" content=\"summary_large_image\" \/>\n<meta name=\"twitter:label1\" content=\"\u041f\u0440\u0438\u043c\u0435\u0440\u043d\u043e\u0435 \u0432\u0440\u0435\u043c\u044f \u0434\u043b\u044f \u0447\u0442\u0435\u043d\u0438\u044f\" \/>\n\t<meta name=\"twitter:data1\" content=\"1 \u043c\u0438\u043d\u0443\u0442\u0430\" \/>\n<script type=\"application\/ld+json\" class=\"yoast-schema-graph\">{\"@context\":\"https:\/\/schema.org\",\"@graph\":[{\"@type\":\"WebPage\",\"@id\":\"https:\/\/viimsipesula.ee\/ru\/%d0%ba%d1%83%d1%80%d1%81%d1%8b\/%d0%bf%d1%80%d0%b5%d0%bf%d0%be%d0%b4%d0%b0%d0%b2%d0%b0%d1%82%d0%b5%d0%bb%d0%b8\/\",\"url\":\"https:\/\/viimsipesula.ee\/ru\/%d0%ba%d1%83%d1%80%d1%81%d1%8b\/%d0%bf%d1%80%d0%b5%d0%bf%d0%be%d0%b4%d0%b0%d0%b2%d0%b0%d1%82%d0%b5%d0%bb%d0%b8\/\",\"name\":\"\u041f\u0440\u0435\u043f\u043e\u0434\u0430\u0432\u0430\u0442\u0435\u043b\u0438 - Viimsipesula\",\"isPartOf\":{\"@id\":\"https:\/\/viimsipesula.ee\/ru\/#website\"},\"primaryImageOfPage\":{\"@id\":\"https:\/\/viimsipesula.ee\/ru\/%d0%ba%d1%83%d1%80%d1%81%d1%8b\/%d0%bf%d1%80%d0%b5%d0%bf%d0%be%d0%b4%d0%b0%d0%b2%d0%b0%d1%82%d0%b5%d0%bb%d0%b8\/#primaryimage\"},\"image\":{\"@id\":\"https:\/\/viimsipesula.ee\/ru\/%d0%ba%d1%83%d1%80%d1%81%d1%8b\/%d0%bf%d1%80%d0%b5%d0%bf%d0%be%d0%b4%d0%b0%d0%b2%d0%b0%d1%82%d0%b5%d0%bb%d0%b8\/#primaryimage\"},\"thumbnailUrl\":\"https:\/\/viimsipesula.ee\/wp-content\/uploads\/2025\/01\/koolitaja1.jpg\",\"datePublished\":\"2024-09-27T09:38:27+00:00\",\"dateModified\":\"2025-03-30T09:13:55+00:00\",\"breadcrumb\":{\"@id\":\"https:\/\/viimsipesula.ee\/ru\/%d0%ba%d1%83%d1%80%d1%81%d1%8b\/%d0%bf%d1%80%d0%b5%d0%bf%d0%be%d0%b4%d0%b0%d0%b2%d0%b0%d1%82%d0%b5%d0%bb%d0%b8\/#breadcrumb\"},\"inLanguage\":\"ru-RU\",\"potentialAction\":[{\"@type\":\"ReadAction\",\"target\":[\"https:\/\/viimsipesula.ee\/ru\/%d0%ba%d1%83%d1%80%d1%81%d1%8b\/%d0%bf%d1%80%d0%b5%d0%bf%d0%be%d0%b4%d0%b0%d0%b2%d0%b0%d1%82%d0%b5%d0%bb%d0%b8\/\"]}]},{\"@type\":\"ImageObject\",\"inLanguage\":\"ru-RU\",\"@id\":\"https:\/\/viimsipesula.ee\/ru\/%d0%ba%d1%83%d1%80%d1%81%d1%8b\/%d0%bf%d1%80%d0%b5%d0%bf%d0%be%d0%b4%d0%b0%d0%b2%d0%b0%d1%82%d0%b5%d0%bb%d0%b8\/#primaryimage\",\"url\":\"https:\/\/viimsipesula.ee\/wp-content\/uploads\/2025\/01\/koolitaja1.jpg\",\"contentUrl\":\"https:\/\/viimsipesula.ee\/wp-content\/uploads\/2025\/01\/koolitaja1.jpg\"},{\"@type\":\"BreadcrumbList\",\"@id\":\"https:\/\/viimsipesula.ee\/ru\/%d0%ba%d1%83%d1%80%d1%81%d1%8b\/%d0%bf%d1%80%d0%b5%d0%bf%d0%be%d0%b4%d0%b0%d0%b2%d0%b0%d1%82%d0%b5%d0%bb%d0%b8\/#breadcrumb\",\"itemListElement\":[{\"@type\":\"ListItem\",\"position\":1,\"name\":\"Home\",\"item\":\"https:\/\/viimsipesula.ee\/ru\/\"},{\"@type\":\"ListItem\",\"position\":2,\"name\":\"\u041a\u0443\u0440\u0441\u044b\",\"item\":\"https:\/\/viimsipesula.ee\/ru\/%d0%ba%d1%83%d1%80%d1%81%d1%8b\/\"},{\"@type\":\"ListItem\",\"position\":3,\"name\":\"\u041f\u0440\u0435\u043f\u043e\u0434\u0430\u0432\u0430\u0442\u0435\u043b\u0438\"}]},{\"@type\":\"WebSite\",\"@id\":\"https:\/\/viimsipesula.ee\/ru\/#website\",\"url\":\"https:\/\/viimsipesula.ee\/ru\/\",\"name\":\"Viimsipesula\",\"description\":\"Mugav ja kiire autopesula!\",\"publisher\":{\"@id\":\"https:\/\/viimsipesula.ee\/ru\/#organization\"},\"potentialAction\":[{\"@type\":\"SearchAction\",\"target\":{\"@type\":\"EntryPoint\",\"urlTemplate\":\"https:\/\/viimsipesula.ee\/ru\/?s={search_term_string}\"},\"query-input\":{\"@type\":\"PropertyValueSpecification\",\"valueRequired\":true,\"valueName\":\"search_term_string\"}}],\"inLanguage\":\"ru-RU\"},{\"@type\":\"Organization\",\"@id\":\"https:\/\/viimsipesula.ee\/ru\/#organization\",\"name\":\"Viimsipesula\",\"url\":\"https:\/\/viimsipesula.ee\/ru\/\",\"logo\":{\"@type\":\"ImageObject\",\"inLanguage\":\"ru-RU\",\"@id\":\"https:\/\/viimsipesula.ee\/ru\/#\/schema\/logo\/image\/\",\"url\":\"https:\/\/viimsipesula.ee\/wp-content\/uploads\/2025\/01\/Muugieelne-ettevalmistus-1.jpg\",\"contentUrl\":\"https:\/\/viimsipesula.ee\/wp-content\/uploads\/2025\/01\/Muugieelne-ettevalmistus-1.jpg\",\"width\":1200,\"height\":800,\"caption\":\"Viimsipesula\"},\"image\":{\"@id\":\"https:\/\/viimsipesula.ee\/ru\/#\/schema\/logo\/image\/\"},\"sameAs\":[\"https:\/\/www.facebook.com\/Viimsipesula\"]}]}<\/script>\n<!-- \/ Yoast SEO plugin. -->","yoast_head_json":{"title":"\u041f\u0440\u0435\u043f\u043e\u0434\u0430\u0432\u0430\u0442\u0435\u043b\u0438 - Viimsipesula","robots":{"index":"index","follow":"follow","max-snippet":"max-snippet:-1","max-image-preview":"max-image-preview:large","max-video-preview":"max-video-preview:-1"},"canonical":"https:\/\/viimsipesula.ee\/ru\/%d0%ba%d1%83%d1%80%d1%81%d1%8b\/%d0%bf%d1%80%d0%b5%d0%bf%d0%be%d0%b4%d0%b0%d0%b2%d0%b0%d1%82%d0%b5%d0%bb%d0%b8\/","og_locale":"ru_RU","og_type":"article","og_title":"\u041f\u0440\u0435\u043f\u043e\u0434\u0430\u0432\u0430\u0442\u0435\u043b\u0438 - Viimsipesula","og_description":"\u0414\u043c\u0438\u0442\u0440\u0438\u0439 \u0428\u0430\u043b\u0438\u043d\u0446\u0435\u0432 \u0447\u043b\u0435\u043d \u043f\u0440\u0430\u0432\u043b\u0435\u043d\u0438\u044f \u041e\u043f\u044b\u0442 \u0432 \u0441\u0444\u0435\u0440\u0435 \u0430\u0432\u0442\u043e\u043c\u043e\u0439\u043a\u0438 \u0438 \u0434\u0435\u0442\u0435\u0439\u043b\u0438\u043d\u0433\u0430 \u0431\u043e\u043b\u0435\u0435 15 \u043b\u0435\u0442. \u042d\u043a\u0441\u043a\u043b\u044e\u0437\u0438\u0432\u043d\u044b\u0439 \u043f\u0440\u0435\u0434\u0441\u0442\u0430\u0432\u0438\u0442\u0435\u043b\u044c Nerta \u043f\u0440\u043e\u0434\u0443\u043a\u0446\u0438\u0438 \u0434\u043b\u044f \u0430\u0432\u0442\u043e\u043c\u043e\u0439\u043a\u0438 \u0432 \u042d\u0441\u0442\u043e\u043d\u0438\u0438. \u0418\u043c\u0435\u0435\u0442 \u0441\u0435\u0440\u0442\u0438\u0444\u0438\u043a\u0430\u0442\u044b,\u043f\u043e\u0434\u0442\u0432\u0435\u0440\u0436\u0434\u0430\u044e\u0449\u0438\u0435 \u043e\u0431\u0443\u0447\u0435\u043d\u0438\u0435, \u0442\u0430\u043a\u0438\u0445 \u0438\u0437\u0432\u0435\u0441\u0442\u043d\u044b\u0445 \u043a\u043e\u043c\u043f\u0430\u043d\u0438\u0439 \u0432 \u0441\u0444\u0435\u0440\u0435 \u0430\u0432\u0442\u043e\u043c\u043e\u0439\u043a\u0438 \u0438 \u0434\u0435\u0442\u0435\u0439\u043b\u0438\u043d\u0433\u0430 \u043a\u0430\u043a: KRYTEX, CeramicPRO, HKC Ceramic Coating, 3M, RUPES, Nerta. \u0422\u0430\u043a\u0436\u0435 \u043c\u044b \u043f\u043e\u043c\u043e\u0433\u043b\u0438 \u043e\u0442\u043a\u0440\u044b\u0442\u044c \u0441\u043b\u0435\u0434\u0443\u044e\u0448\u0438\u0435 \u0430\u0432\u0442\u043e\u043c\u043e\u0439\u043a\u0438: Kesklinna Autopesula O\u00dc, Kakum\u00e4e Autopesula O\u00dc, \u00dclemiste Autopesula [&hellip;]","og_url":"https:\/\/viimsipesula.ee\/ru\/%d0%ba%d1%83%d1%80%d1%81%d1%8b\/%d0%bf%d1%80%d0%b5%d0%bf%d0%be%d0%b4%d0%b0%d0%b2%d0%b0%d1%82%d0%b5%d0%bb%d0%b8\/","og_site_name":"Viimsipesula","article_publisher":"https:\/\/www.facebook.com\/Viimsipesula","article_modified_time":"2025-03-30T09:13:55+00:00","og_image":[{"url":"https:\/\/viimsipesula.ee\/wp-content\/uploads\/2025\/01\/koolitaja1.jpg","type":"","width":"","height":""}],"twitter_card":"summary_large_image","twitter_misc":{"\u041f\u0440\u0438\u043c\u0435\u0440\u043d\u043e\u0435 \u0432\u0440\u0435\u043c\u044f \u0434\u043b\u044f \u0447\u0442\u0435\u043d\u0438\u044f":"1 \u043c\u0438\u043d\u0443\u0442\u0430"},"schema":{"@context":"https:\/\/schema.org","@graph":[{"@type":"WebPage","@id":"https:\/\/viimsipesula.ee\/ru\/%d0%ba%d1%83%d1%80%d1%81%d1%8b\/%d0%bf%d1%80%d0%b5%d0%bf%d0%be%d0%b4%d0%b0%d0%b2%d0%b0%d1%82%d0%b5%d0%bb%d0%b8\/","url":"https:\/\/viimsipesula.ee\/ru\/%d0%ba%d1%83%d1%80%d1%81%d1%8b\/%d0%bf%d1%80%d0%b5%d0%bf%d0%be%d0%b4%d0%b0%d0%b2%d0%b0%d1%82%d0%b5%d0%bb%d0%b8\/","name":"\u041f\u0440\u0435\u043f\u043e\u0434\u0430\u0432\u0430\u0442\u0435\u043b\u0438 - Viimsipesula","isPartOf":{"@id":"https:\/\/viimsipesula.ee\/ru\/#website"},"primaryImageOfPage":{"@id":"https:\/\/viimsipesula.ee\/ru\/%d0%ba%d1%83%d1%80%d1%81%d1%8b\/%d0%bf%d1%80%d0%b5%d0%bf%d0%be%d0%b4%d0%b0%d0%b2%d0%b0%d1%82%d0%b5%d0%bb%d0%b8\/#primaryimage"},"image":{"@id":"https:\/\/viimsipesula.ee\/ru\/%d0%ba%d1%83%d1%80%d1%81%d1%8b\/%d0%bf%d1%80%d0%b5%d0%bf%d0%be%d0%b4%d0%b0%d0%b2%d0%b0%d1%82%d0%b5%d0%bb%d0%b8\/#primaryimage"},"thumbnailUrl":"https:\/\/viimsipesula.ee\/wp-content\/uploads\/2025\/01\/koolitaja1.jpg","datePublished":"2024-09-27T09:38:27+00:00","dateModified":"2025-03-30T09:13:55+00:00","breadcrumb":{"@id":"https:\/\/viimsipesula.ee\/ru\/%d0%ba%d1%83%d1%80%d1%81%d1%8b\/%d0%bf%d1%80%d0%b5%d0%bf%d0%be%d0%b4%d0%b0%d0%b2%d0%b0%d1%82%d0%b5%d0%bb%d0%b8\/#breadcrumb"},"inLanguage":"ru-RU","potentialAction":[{"@type":"ReadAction","target":["https:\/\/viimsipesula.ee\/ru\/%d0%ba%d1%83%d1%80%d1%81%d1%8b\/%d0%bf%d1%80%d0%b5%d0%bf%d0%be%d0%b4%d0%b0%d0%b2%d0%b0%d1%82%d0%b5%d0%bb%d0%b8\/"]}]},{"@type":"ImageObject","inLanguage":"ru-RU","@id":"https:\/\/viimsipesula.ee\/ru\/%d0%ba%d1%83%d1%80%d1%81%d1%8b\/%d0%bf%d1%80%d0%b5%d0%bf%d0%be%d0%b4%d0%b0%d0%b2%d0%b0%d1%82%d0%b5%d0%bb%d0%b8\/#primaryimage","url":"https:\/\/viimsipesula.ee\/wp-content\/uploads\/2025\/01\/koolitaja1.jpg","contentUrl":"https:\/\/viimsipesula.ee\/wp-content\/uploads\/2025\/01\/koolitaja1.jpg"},{"@type":"BreadcrumbList","@id":"https:\/\/viimsipesula.ee\/ru\/%d0%ba%d1%83%d1%80%d1%81%d1%8b\/%d0%bf%d1%80%d0%b5%d0%bf%d0%be%d0%b4%d0%b0%d0%b2%d0%b0%d1%82%d0%b5%d0%bb%d0%b8\/#breadcrumb","itemListElement":[{"@type":"ListItem","position":1,"name":"Home","item":"https:\/\/viimsipesula.ee\/ru\/"},{"@type":"ListItem","position":2,"name":"\u041a\u0443\u0440\u0441\u044b","item":"https:\/\/viimsipesula.ee\/ru\/%d0%ba%d1%83%d1%80%d1%81%d1%8b\/"},{"@type":"ListItem","position":3,"name":"\u041f\u0440\u0435\u043f\u043e\u0434\u0430\u0432\u0430\u0442\u0435\u043b\u0438"}]},{"@type":"WebSite","@id":"https:\/\/viimsipesula.ee\/ru\/#website","url":"https:\/\/viimsipesula.ee\/ru\/","name":"Viimsipesula","description":"Mugav ja kiire autopesula!","publisher":{"@id":"https:\/\/viimsipesula.ee\/ru\/#organization"},"potentialAction":[{"@type":"SearchAction","target":{"@type":"EntryPoint","urlTemplate":"https:\/\/viimsipesula.ee\/ru\/?s={search_term_string}"},"query-input":{"@type":"PropertyValueSpecification","valueRequired":true,"valueName":"search_term_string"}}],"inLanguage":"ru-RU"},{"@type":"Organization","@id":"https:\/\/viimsipesula.ee\/ru\/#organization","name":"Viimsipesula","url":"https:\/\/viimsipesula.ee\/ru\/","logo":{"@type":"ImageObject","inLanguage":"ru-RU","@id":"https:\/\/viimsipesula.ee\/ru\/#\/schema\/logo\/image\/","url":"https:\/\/viimsipesula.ee\/wp-content\/uploads\/2025\/01\/Muugieelne-ettevalmistus-1.jpg","contentUrl":"https:\/\/viimsipesula.ee\/wp-content\/uploads\/2025\/01\/Muugieelne-ettevalmistus-1.jpg","width":1200,"height":800,"caption":"Viimsipesula"},"image":{"@id":"https:\/\/viimsipesula.ee\/ru\/#\/schema\/logo\/image\/"},"sameAs":["https:\/\/www.facebook.com\/Viimsipesula"]}]}},"_links":{"self":[{"href":"https:\/\/viimsipesula.ee\/ru\/wp-json\/wp\/v2\/pages\/9201","targetHints":{"allow":["GET"]}}],"collection":[{"href":"https:\/\/viimsipesula.ee\/ru\/wp-json\/wp\/v2\/pages"}],"about":[{"href":"https:\/\/viimsipesula.ee\/ru\/wp-json\/wp\/v2\/types\/page"}],"author":[{"embeddable":true,"href":"https:\/\/viimsipesula.ee\/ru\/wp-json\/wp\/v2\/users\/2"}],"replies":[{"embeddable":true,"href":"https:\/\/viimsipesula.ee\/ru\/wp-json\/wp\/v2\/comments?post=9201"}],"version-history":[{"count":14,"href":"https:\/\/viimsipesula.ee\/ru\/wp-json\/wp\/v2\/pages\/9201\/revisions"}],"predecessor-version":[{"id":10566,"href":"https:\/\/viimsipesula.ee\/ru\/wp-json\/wp\/v2\/pages\/9201\/revisions\/10566"}],"up":[{"embeddable":true,"href":"https:\/\/viimsipesula.ee\/ru\/wp-json\/wp\/v2\/pages\/9170"}],"wp:attachment":[{"href":"https:\/\/viimsipesula.ee\/ru\/wp-json\/wp\/v2\/media?parent=9201"}],"curies":[{"name":"wp","href":"https:\/\/api.w.org\/{rel}","templated":true}]}}